{"id":694,"date":"2025-12-19T08:23:00","date_gmt":"2025-12-19T08:23:00","guid":{"rendered":"https:\/\/www.avrupastand.com\/?page_id=694"},"modified":"2025-12-19T08:50:59","modified_gmt":"2025-12-19T08:50:59","slug":"hakkimizda-2","status":"publish","type":"page","link":"https:\/\/www.avrupastand.com\/?page_id=694","title":{"rendered":"Hakk\u0131m\u0131zda"},"content":{"rendered":"<p data-start=\"231\" data-end=\"545\">Avrupa Stand,<strong> 2019 y\u0131l\u0131nda<\/strong> kurulmu\u015f olup, kuruldu\u011fu g\u00fcnden bu yana kaliteyi ve m\u00fc\u015fteri memnuniyetini \u00f6n planda tutan hizmet anlay\u0131\u015f\u0131yla sekt\u00f6rde g\u00fcvenilir bir marka olmay\u0131 ba\u015farm\u0131\u015ft\u0131r.<\/p>\n<p data-start=\"231\" data-end=\"545\">Y\u00fcksek \u00fcr\u00fcn kalitesi, yenilik\u00e7i yakla\u015f\u0131m\u0131 ve g\u00fc\u00e7l\u00fc i\u015f ortakl\u0131klar\u0131 sayesinde k\u0131sa s\u00fcrede geni\u015f bir m\u00fc\u015fteri portf\u00f6y\u00fcne ula\u015fm\u0131\u015ft\u0131r.<\/p>\n<p data-start=\"547\" data-end=\"843\">Faaliyet g\u00f6sterdi\u011fimiz her alanda, dayan\u0131kl\u0131, estetik ve fonksiyonel \u00e7\u00f6z\u00fcmler sunarak m\u00fc\u015fterilerimizin beklentilerini en \u00fcst seviyede kar\u015f\u0131lamay\u0131 hedefliyoruz.<\/p>\n<p data-start=\"547\" data-end=\"843\">S\u00fcrekli geli\u015fimi benimseyen yap\u0131m\u0131zla, sekt\u00f6r trendlerini yak\u0131ndan takip ediyor ve \u00fcr\u00fcn yelpazemizi bu do\u011frultuda s\u00fcrekli g\u00fcncelliyoruz.<\/p>\n<p data-start=\"845\" data-end=\"1111\"><strong data-start=\"845\" data-end=\"859\">Vizyonumuz<\/strong>, kalite ve g\u00fcven denildi\u011finde akla gelen, sekt\u00f6rde \u00f6nc\u00fc ve tercih edilen bir marka olmakt\u0131r.<br data-start=\"952\" data-end=\"955\" \/><strong data-start=\"955\" data-end=\"969\">Misyonumuz<\/strong> ise; m\u00fc\u015fteri ihtiya\u00e7lar\u0131na uygun, y\u00fcksek standartlarda \u00fcr\u00fcnler sunarak uzun vadeli i\u015f birlikleri kurmak ve s\u00fcrd\u00fcr\u00fclebilir ba\u015far\u0131 sa\u011flamakt\u0131r.<\/p>\n<p data-start=\"1113\" data-end=\"1242\">Avrupa Stand olarak, kaliteyi bir standart de\u011fil, bir k\u00fclt\u00fcr olarak g\u00f6r\u00fcyor; bu anlay\u0131\u015fla yolumuza emin ad\u0131mlarla devam ediyoruz.<\/p>\n","protected":false},"excerpt":{"rendered":"<p>Avrupa Stand, 2019 y\u0131l\u0131nda kurulmu\u015f olup, kuruldu\u011fu g\u00fcnden bu yana kaliteyi ve m\u00fc\u015fteri memnuniyetini \u00f6n planda tutan hizmet anlay\u0131\u015f\u0131yla sekt\u00f6rde g\u00fcvenilir bir marka olmay\u0131 ba\u015farm\u0131\u015ft\u0131r. Y\u00fcksek \u00fcr\u00fcn kalitesi, yenilik\u00e7i yakla\u015f\u0131m\u0131 ve g\u00fc\u00e7l\u00fc i\u015f ortakl\u0131klar\u0131 sayesinde k\u0131sa s\u00fcrede geni\u015f bir m\u00fc\u015fteri portf\u00f6y\u00fcne ula\u015fm\u0131\u015ft\u0131r. Faaliyet g\u00f6sterdi\u011fimiz her alanda, dayan\u0131kl\u0131, estetik ve fonksiyonel \u00e7\u00f6z\u00fcmler sunarak m\u00fc\u015fterilerimizin beklentilerini en [&hellip;]<\/p>\n","protected":false},"author":1,"featured_media":0,"parent":0,"menu_order":0,"comment_status":"closed","ping_status":"closed","template":"","meta":{"footnotes":""},"class_list":["post-694","page","type-page","status-publish","hentry"],"_links":{"self":[{"href":"https:\/\/www.avrupastand.com\/index.php?rest_route=\/wp\/v2\/pages\/694","targetHints":{"allow":["GET"]}}],"collection":[{"href":"https:\/\/www.avrupastand.com\/index.php?rest_route=\/wp\/v2\/pages"}],"about":[{"href":"https:\/\/www.avrupastand.com\/index.php?rest_route=\/wp\/v2\/types\/page"}],"author":[{"embeddable":true,"href":"https:\/\/www.avrupastand.com\/index.php?rest_route=\/wp\/v2\/users\/1"}],"replies":[{"embeddable":true,"href":"https:\/\/www.avrupastand.com\/index.php?rest_route=%2Fwp%2Fv2%2Fcomments&post=694"}],"version-history":[{"count":5,"href":"https:\/\/www.avrupastand.com\/index.php?rest_route=\/wp\/v2\/pages\/694\/revisions"}],"predecessor-version":[{"id":702,"href":"https:\/\/www.avrupastand.com\/index.php?rest_route=\/wp\/v2\/pages\/694\/revisions\/702"}],"wp:attachment":[{"href":"https:\/\/www.avrupastand.com\/index.php?rest_route=%2Fwp%2Fv2%2Fmedia&parent=694"}],"curies":[{"name":"wp","href":"https:\/\/api.w.org\/{rel}","templated":true}]}}